{"id":47,"date":"2019-04-19T07:05:53","date_gmt":"2019-04-19T08:05:53","guid":{"rendered":"http:\/\/soundvalley.ch\/?page_id=47"},"modified":"2025-11-26T06:07:46","modified_gmt":"2025-11-26T07:07:46","slug":"elementor-47","status":"publish","type":"page","link":"https:\/\/soundvalley.ch\/en\/elementor-47\/","title":{"rendered":"\u00dcber mich"},"content":{"rendered":"<div data-elementor-type=\"wp-page\" data-elementor-id=\"47\" class=\"elementor elementor-47\">\n\t\t\t\t\t\t<section class=\"elementor-section elementor-top-section elementor-element elementor-element-66f9543 elementor-section-boxed elementor-section-height-default elementor-section-height-default\" data-id=\"66f9543\" data-element_type=\"section\" data-e-type=\"section\">\n\t\t\t\t\t\t<div class=\"elementor-container elementor-column-gap-default\">\n\t\t\t\t\t<div class=\"elementor-column elementor-col-100 elementor-top-column elementor-element elementor-element-52fa551\" data-id=\"52fa551\" data-element_type=\"column\" data-e-type=\"column\">\n\t\t\t<div class=\"elementor-widget-wrap elementor-element-populated\">\n\t\t\t\t\t\t<div class=\"elementor-element elementor-element-20574e2 elementor-widget elementor-widget-spacer\" data-id=\"20574e2\" data-element_type=\"widget\" data-e-type=\"widget\" data-widget_type=\"spacer.default\">\n\t\t\t\t<div class=\"elementor-widget-container\">\n\t\t\t\t\t\t\t<div class=\"elementor-spacer\">\n\t\t\t<div class=\"elementor-spacer-inner\"><\/div>\n\t\t<\/div>\n\t\t\t\t\t\t<\/div>\n\t\t\t\t<\/div>\n\t\t\t\t\t<\/div>\n\t\t<\/div>\n\t\t\t\t\t<\/div>\n\t\t<\/section>\n\t\t\t\t<section class=\"elementor-section elementor-top-section elementor-element elementor-element-f1a81fb elementor-section-boxed elementor-section-height-default elementor-section-height-default\" data-id=\"f1a81fb\" data-element_type=\"section\" data-e-type=\"section\">\n\t\t\t\t\t\t<div class=\"elementor-container elementor-column-gap-default\">\n\t\t\t\t\t<div class=\"elementor-column elementor-col-100 elementor-top-column elementor-element elementor-element-5948236\" data-id=\"5948236\" data-element_type=\"column\" data-e-type=\"column\">\n\t\t\t<div class=\"elementor-widget-wrap elementor-element-populated\">\n\t\t\t\t\t\t<div class=\"elementor-element elementor-element-06e48bc elementor-widget elementor-widget-heading\" data-id=\"06e48bc\" data-element_type=\"widget\" data-e-type=\"widget\" data-widget_type=\"heading.default\">\n\t\t\t\t<div class=\"elementor-widget-container\">\n\t\t\t\t\t<h2 class=\"elementor-heading-title elementor-size-default\">David Bollinger<\/h2>\t\t\t\t<\/div>\n\t\t\t\t<\/div>\n\t\t\t\t\t<\/div>\n\t\t<\/div>\n\t\t\t\t\t<\/div>\n\t\t<\/section>\n\t\t\t\t<section class=\"elementor-section elementor-top-section elementor-element elementor-element-b0e84d0 elementor-section-boxed elementor-section-height-default elementor-section-height-default\" data-id=\"b0e84d0\" data-element_type=\"section\" data-e-type=\"section\">\n\t\t\t\t\t\t<div class=\"elementor-container elementor-column-gap-default\">\n\t\t\t\t\t<div class=\"elementor-column elementor-col-100 elementor-top-column elementor-element elementor-element-c0b6d10\" data-id=\"c0b6d10\" data-element_type=\"column\" data-e-type=\"column\">\n\t\t\t<div class=\"elementor-widget-wrap\">\n\t\t\t\t\t\t\t<\/div>\n\t\t<\/div>\n\t\t\t\t\t<\/div>\n\t\t<\/section>\n\t\t\t\t<section class=\"elementor-section elementor-top-section elementor-element elementor-element-a98ef19 elementor-section-boxed elementor-section-height-default elementor-section-height-default\" data-id=\"a98ef19\" data-element_type=\"section\" data-e-type=\"section\">\n\t\t\t\t\t\t<div class=\"elementor-container elementor-column-gap-default\">\n\t\t\t\t\t<div class=\"elementor-column elementor-col-100 elementor-top-column elementor-element elementor-element-67d14cc\" data-id=\"67d14cc\" data-element_type=\"column\" data-e-type=\"column\">\n\t\t\t<div class=\"elementor-widget-wrap elementor-element-populated\">\n\t\t\t\t\t\t<section class=\"elementor-section elementor-inner-section elementor-element elementor-element-6f4a7e9 elementor-section-boxed elementor-section-height-default elementor-section-height-default\" data-id=\"6f4a7e9\" data-element_type=\"section\" data-e-type=\"section\">\n\t\t\t\t\t\t<div class=\"elementor-container elementor-column-gap-default\">\n\t\t\t\t\t<div class=\"elementor-column elementor-col-100 elementor-inner-column elementor-element elementor-element-866f680\" data-id=\"866f680\" data-element_type=\"column\" data-e-type=\"column\">\n\t\t\t<div class=\"elementor-widget-wrap elementor-element-populated\">\n\t\t\t\t\t\t<div class=\"elementor-element elementor-element-8f8479e elementor-widget elementor-widget-image\" data-id=\"8f8479e\" data-element_type=\"widget\" data-e-type=\"widget\" data-widget_type=\"image.default\">\n\t\t\t\t<div class=\"elementor-widget-container\">\n\t\t\t\t\t\t\t\t\t\t\t\t\t\t\t<img decoding=\"async\" src=\"https:\/\/soundvalley.ch\/wp-content\/uploads\/2025\/11\/David-im-Studio-2-Foto-by-Patrick-Stoll-scaled.jpg\" title=\"200214-STU-SOUNDVALLEY-AUFNAHMEN-047\" alt=\"Die Band Gorlami nimmt im Tonstudio Soundvalley in Schaffhausen ihre erste CD auf. by patrickstoll.ch\" loading=\"lazy\" \/>\t\t\t\t\t\t\t\t\t\t\t\t\t\t\t<\/div>\n\t\t\t\t<\/div>\n\t\t\t\t\t<\/div>\n\t\t<\/div>\n\t\t\t\t\t<\/div>\n\t\t<\/section>\n\t\t\t\t<div class=\"elementor-element elementor-element-0f6ad2b elementor-widget elementor-widget-text-editor\" data-id=\"0f6ad2b\" data-element_type=\"widget\" data-e-type=\"widget\" data-widget_type=\"text-editor.default\">\n\t\t\t\t<div class=\"elementor-widget-container\">\n\t\t\t\t\t\t\t\t\t<p>Jahrgang 1984, geboren und aufgewachsen in Schaffhausen. Durch die Faszination f\u00fcr Musik und Technik gelangte ich an die Z\u00fcrcher Hochschule der K\u00fcnste, wo ich im Jahre 2010 das Masterstudium zum Tonmeister \u201emit Auszeichnung\u201c abschloss. Musikproduktionen in den Bereichen Klassik\/Neue Musik, Jazz, Pop und Rock sind seither ebenso an der Tagesordnung wie Theaterproduktionen oder Sounddesign. Ab und zu mische ich auch Konzerte, bediene die Live-Elektronik bei Auff\u00fchrungen zeitgen\u00f6ssischer Musik oder bin als Freelancer in anderen Tonstudios oder Theatern anzutreffen.<\/p>\n<p>Musikproduktionen u.A. mit: Richard Dobson, Corin Curschellas, Frank Powers, Gr\u00fcnes Blatt, Bergerausch, Usb\u00fcxt, Sonix, Mr.Mojo, Christina Jaccard, Wale Liniger, Marco Clerc, Pino Zortea, Peter Uehlinger, Jan Repka, La Nova, Rodas, Chris Bernard, Pinotnoir, pan d\u00fcr, Soultraces, Pat &amp; the BluesChargers, The Daisies, Deaf&#8217;n&#8217;Dumb, Gorlami, We Are Troublemaker, Frantic Wingmen, Hielo, Cargodusjet, Klub Math\u00e9, The Hendersens, Gran Purismo, The Zurich Sessions, Caf\u00e9 T\u00fcrk, Urs V\u00f6geli, La Triada, Elva Bai, Triqueta, Martin Schlumpf, Ruedi H\u00e4usermann, Kubus Quartett, Kukuruz Quartett, Ensemble Inversa, Peter Choclo Quartett, Jens Stibal, Edmauro de Oliveira, Arbazar, Guitarra a seis, The Jazz Chamber Trio, The Stone Alphabet, Morgenthaler R\u00f6llin Ruben, Mondrian Ensemble, Mathias Steinauer, Beat Gysin, Helena Winkelman, Joao Carlos Victor, uvm. An der Seite von Thomas Fessler arbeitete ich zudem an Alben von Sina, 77 Bombay Street, Linard Bardill, Jan Oliver, Baba Shrimps, Pegasus, Florian Ast und Gigi Moto. ich nahm auch die Soundtracks zu den Filmen &#8222;Glaubenberg&#8220; und \u201eDay is Done\u201c auf, letzterer gewann den Schweizer Filmpreis f\u00fcr die beste Filmmusik. Diverse Sprachproduktionen und Sounddesign f\u00fcr Radio und Fernsehen.<\/p>\t\t\t\t\t\t\t\t<\/div>\n\t\t\t\t<\/div>\n\t\t\t\t\t<\/div>\n\t\t<\/div>\n\t\t\t\t\t<\/div>\n\t\t<\/section>\n\t\t\t\t<\/div>","protected":false},"excerpt":{"rendered":"<p>David Bollinger Jahrgang 1984, geboren und aufgewachsen in Schaffhausen. Durch die Faszination f\u00fcr Musik und Technik gelangte ich an die Z\u00fcrcher Hochschule der K\u00fcnste, wo ich im Jahre 2010 das Masterstudium zum Tonmeister \u201emit Auszeichnung\u201c abschloss. Musikproduktionen in den Bereichen Klassik\/Neue Musik, Jazz, Pop und Rock sind seither ebenso an [&hellip;]<\/p>\n","protected":false},"author":1,"featured_media":0,"parent":0,"menu_order":0,"comment_status":"closed","ping_status":"closed","template":"page-templates\/template-pagebuilder-full-width.php","meta":{"footnotes":""},"class_list":["post-47","page","type-page","status-publish","hentry"],"yoast_head":"<!-- This site is optimized with the Yoast SEO plugin v27.4 - https:\/\/yoast.com\/product\/yoast-seo-wordpress\/ -->\n<title>\u00dcber mich - SoundValley<\/title>\n<meta name=\"robots\" content=\"index, follow, max-snippet:-1, max-image-preview:large, max-video-preview:-1\" \/>\n<link rel=\"canonical\" href=\"https:\/\/soundvalley.ch\/en\/elementor-47\/\" \/>\n<meta property=\"og:locale\" content=\"en_US\" \/>\n<meta property=\"og:type\" content=\"article\" \/>\n<meta property=\"og:title\" content=\"\u00dcber mich - SoundValley\" \/>\n<meta property=\"og:description\" content=\"David Bollinger Jahrgang 1984, geboren und aufgewachsen in Schaffhausen. Durch die Faszination f\u00fcr Musik und Technik gelangte ich an die Z\u00fcrcher Hochschule der K\u00fcnste, wo ich im Jahre 2010 das Masterstudium zum Tonmeister \u201emit Auszeichnung\u201c abschloss. Musikproduktionen in den Bereichen Klassik\/Neue Musik, Jazz, Pop und Rock sind seither ebenso an [&hellip;]\" \/>\n<meta property=\"og:url\" content=\"https:\/\/soundvalley.ch\/en\/elementor-47\/\" \/>\n<meta property=\"og:site_name\" content=\"SoundValley\" \/>\n<meta property=\"article:modified_time\" content=\"2025-11-26T07:07:46+00:00\" \/>\n<meta property=\"og:image\" content=\"https:\/\/soundvalley.ch\/wp-content\/uploads\/2025\/11\/David-im-Studio-2-Foto-by-Patrick-Stoll-scaled.jpg\" \/>\n<meta name=\"twitter:card\" content=\"summary_large_image\" \/>\n<script type=\"application\/ld+json\" class=\"yoast-schema-graph\">{\"@context\":\"https:\\\/\\\/schema.org\",\"@graph\":[{\"@type\":\"WebPage\",\"@id\":\"https:\\\/\\\/soundvalley.ch\\\/elementor-47\\\/\",\"url\":\"https:\\\/\\\/soundvalley.ch\\\/elementor-47\\\/\",\"name\":\"\u00dcber mich - SoundValley\",\"isPartOf\":{\"@id\":\"https:\\\/\\\/soundvalley.ch\\\/#website\"},\"primaryImageOfPage\":{\"@id\":\"https:\\\/\\\/soundvalley.ch\\\/elementor-47\\\/#primaryimage\"},\"image\":{\"@id\":\"https:\\\/\\\/soundvalley.ch\\\/elementor-47\\\/#primaryimage\"},\"thumbnailUrl\":\"https:\\\/\\\/soundvalley.ch\\\/wp-content\\\/uploads\\\/2025\\\/11\\\/David-im-Studio-2-Foto-by-Patrick-Stoll-scaled.jpg\",\"datePublished\":\"2019-04-19T08:05:53+00:00\",\"dateModified\":\"2025-11-26T07:07:46+00:00\",\"breadcrumb\":{\"@id\":\"https:\\\/\\\/soundvalley.ch\\\/elementor-47\\\/#breadcrumb\"},\"inLanguage\":\"en-US\",\"potentialAction\":[{\"@type\":\"ReadAction\",\"target\":[\"https:\\\/\\\/soundvalley.ch\\\/elementor-47\\\/\"]}]},{\"@type\":\"ImageObject\",\"inLanguage\":\"en-US\",\"@id\":\"https:\\\/\\\/soundvalley.ch\\\/elementor-47\\\/#primaryimage\",\"url\":\"https:\\\/\\\/soundvalley.ch\\\/wp-content\\\/uploads\\\/2025\\\/11\\\/David-im-Studio-2-Foto-by-Patrick-Stoll-scaled.jpg\",\"contentUrl\":\"https:\\\/\\\/soundvalley.ch\\\/wp-content\\\/uploads\\\/2025\\\/11\\\/David-im-Studio-2-Foto-by-Patrick-Stoll-scaled.jpg\"},{\"@type\":\"BreadcrumbList\",\"@id\":\"https:\\\/\\\/soundvalley.ch\\\/elementor-47\\\/#breadcrumb\",\"itemListElement\":[{\"@type\":\"ListItem\",\"position\":1,\"name\":\"Home\",\"item\":\"https:\\\/\\\/soundvalley.ch\\\/\"},{\"@type\":\"ListItem\",\"position\":2,\"name\":\"\u00dcber mich\"}]},{\"@type\":\"WebSite\",\"@id\":\"https:\\\/\\\/soundvalley.ch\\\/#website\",\"url\":\"https:\\\/\\\/soundvalley.ch\\\/\",\"name\":\"SoundValley\",\"description\":\"\",\"publisher\":{\"@id\":\"https:\\\/\\\/soundvalley.ch\\\/#organization\"},\"potentialAction\":[{\"@type\":\"SearchAction\",\"target\":{\"@type\":\"EntryPoint\",\"urlTemplate\":\"https:\\\/\\\/soundvalley.ch\\\/?s={search_term_string}\"},\"query-input\":{\"@type\":\"PropertyValueSpecification\",\"valueRequired\":true,\"valueName\":\"search_term_string\"}}],\"inLanguage\":\"en-US\"},{\"@type\":\"Organization\",\"@id\":\"https:\\\/\\\/soundvalley.ch\\\/#organization\",\"name\":\"SoundValley\",\"url\":\"https:\\\/\\\/soundvalley.ch\\\/\",\"logo\":{\"@type\":\"ImageObject\",\"inLanguage\":\"en-US\",\"@id\":\"https:\\\/\\\/soundvalley.ch\\\/#\\\/schema\\\/logo\\\/image\\\/\",\"url\":\"https:\\\/\\\/soundvalley.ch\\\/wp-content\\\/uploads\\\/2019\\\/04\\\/cropped-logo.png\",\"contentUrl\":\"https:\\\/\\\/soundvalley.ch\\\/wp-content\\\/uploads\\\/2019\\\/04\\\/cropped-logo.png\",\"width\":296,\"height\":140,\"caption\":\"SoundValley\"},\"image\":{\"@id\":\"https:\\\/\\\/soundvalley.ch\\\/#\\\/schema\\\/logo\\\/image\\\/\"}}]}<\/script>\n<!-- \/ Yoast SEO plugin. -->","yoast_head_json":{"title":"\u00dcber mich - SoundValley","robots":{"index":"index","follow":"follow","max-snippet":"max-snippet:-1","max-image-preview":"max-image-preview:large","max-video-preview":"max-video-preview:-1"},"canonical":"https:\/\/soundvalley.ch\/en\/elementor-47\/","og_locale":"en_US","og_type":"article","og_title":"\u00dcber mich - SoundValley","og_description":"David Bollinger Jahrgang 1984, geboren und aufgewachsen in Schaffhausen. Durch die Faszination f\u00fcr Musik und Technik gelangte ich an die Z\u00fcrcher Hochschule der K\u00fcnste, wo ich im Jahre 2010 das Masterstudium zum Tonmeister \u201emit Auszeichnung\u201c abschloss. Musikproduktionen in den Bereichen Klassik\/Neue Musik, Jazz, Pop und Rock sind seither ebenso an [&hellip;]","og_url":"https:\/\/soundvalley.ch\/en\/elementor-47\/","og_site_name":"SoundValley","article_modified_time":"2025-11-26T07:07:46+00:00","og_image":[{"url":"https:\/\/soundvalley.ch\/wp-content\/uploads\/2025\/11\/David-im-Studio-2-Foto-by-Patrick-Stoll-scaled.jpg","type":"","width":"","height":""}],"twitter_card":"summary_large_image","schema":{"@context":"https:\/\/schema.org","@graph":[{"@type":"WebPage","@id":"https:\/\/soundvalley.ch\/elementor-47\/","url":"https:\/\/soundvalley.ch\/elementor-47\/","name":"\u00dcber mich - SoundValley","isPartOf":{"@id":"https:\/\/soundvalley.ch\/#website"},"primaryImageOfPage":{"@id":"https:\/\/soundvalley.ch\/elementor-47\/#primaryimage"},"image":{"@id":"https:\/\/soundvalley.ch\/elementor-47\/#primaryimage"},"thumbnailUrl":"https:\/\/soundvalley.ch\/wp-content\/uploads\/2025\/11\/David-im-Studio-2-Foto-by-Patrick-Stoll-scaled.jpg","datePublished":"2019-04-19T08:05:53+00:00","dateModified":"2025-11-26T07:07:46+00:00","breadcrumb":{"@id":"https:\/\/soundvalley.ch\/elementor-47\/#breadcrumb"},"inLanguage":"en-US","potentialAction":[{"@type":"ReadAction","target":["https:\/\/soundvalley.ch\/elementor-47\/"]}]},{"@type":"ImageObject","inLanguage":"en-US","@id":"https:\/\/soundvalley.ch\/elementor-47\/#primaryimage","url":"https:\/\/soundvalley.ch\/wp-content\/uploads\/2025\/11\/David-im-Studio-2-Foto-by-Patrick-Stoll-scaled.jpg","contentUrl":"https:\/\/soundvalley.ch\/wp-content\/uploads\/2025\/11\/David-im-Studio-2-Foto-by-Patrick-Stoll-scaled.jpg"},{"@type":"BreadcrumbList","@id":"https:\/\/soundvalley.ch\/elementor-47\/#breadcrumb","itemListElement":[{"@type":"ListItem","position":1,"name":"Home","item":"https:\/\/soundvalley.ch\/"},{"@type":"ListItem","position":2,"name":"\u00dcber mich"}]},{"@type":"WebSite","@id":"https:\/\/soundvalley.ch\/#website","url":"https:\/\/soundvalley.ch\/","name":"SoundValley","description":"","publisher":{"@id":"https:\/\/soundvalley.ch\/#organization"},"potentialAction":[{"@type":"SearchAction","target":{"@type":"EntryPoint","urlTemplate":"https:\/\/soundvalley.ch\/?s={search_term_string}"},"query-input":{"@type":"PropertyValueSpecification","valueRequired":true,"valueName":"search_term_string"}}],"inLanguage":"en-US"},{"@type":"Organization","@id":"https:\/\/soundvalley.ch\/#organization","name":"SoundValley","url":"https:\/\/soundvalley.ch\/","logo":{"@type":"ImageObject","inLanguage":"en-US","@id":"https:\/\/soundvalley.ch\/#\/schema\/logo\/image\/","url":"https:\/\/soundvalley.ch\/wp-content\/uploads\/2019\/04\/cropped-logo.png","contentUrl":"https:\/\/soundvalley.ch\/wp-content\/uploads\/2019\/04\/cropped-logo.png","width":296,"height":140,"caption":"SoundValley"},"image":{"@id":"https:\/\/soundvalley.ch\/#\/schema\/logo\/image\/"}}]}},"_links":{"self":[{"href":"https:\/\/soundvalley.ch\/en\/wp-json\/wp\/v2\/pages\/47","targetHints":{"allow":["GET"]}}],"collection":[{"href":"https:\/\/soundvalley.ch\/en\/wp-json\/wp\/v2\/pages"}],"about":[{"href":"https:\/\/soundvalley.ch\/en\/wp-json\/wp\/v2\/types\/page"}],"author":[{"embeddable":true,"href":"https:\/\/soundvalley.ch\/en\/wp-json\/wp\/v2\/users\/1"}],"replies":[{"embeddable":true,"href":"https:\/\/soundvalley.ch\/en\/wp-json\/wp\/v2\/comments?post=47"}],"version-history":[{"count":21,"href":"https:\/\/soundvalley.ch\/en\/wp-json\/wp\/v2\/pages\/47\/revisions"}],"predecessor-version":[{"id":201,"href":"https:\/\/soundvalley.ch\/en\/wp-json\/wp\/v2\/pages\/47\/revisions\/201"}],"wp:attachment":[{"href":"https:\/\/soundvalley.ch\/en\/wp-json\/wp\/v2\/media?parent=47"}],"curies":[{"name":"wp","href":"https:\/\/api.w.org\/{rel}","templated":true}]}}