{"id":67,"date":"2019-04-19T07:35:49","date_gmt":"2019-04-19T08:35:49","guid":{"rendered":"http:\/\/soundvalley.ch\/?page_id=67"},"modified":"2025-11-26T05:46:12","modified_gmt":"2025-11-26T06:46:12","slug":"soundvalley-tonstudio-schaffhausen","status":"publish","type":"page","link":"https:\/\/soundvalley.ch\/en\/","title":{"rendered":"Welcome"},"content":{"rendered":"<div data-elementor-type=\"wp-post\" data-elementor-id=\"67\" class=\"elementor elementor-67\">\n\t\t\t\t\t\t<section class=\"elementor-section elementor-top-section elementor-element elementor-element-c560d4f elementor-section-boxed elementor-section-height-default elementor-section-height-default\" data-id=\"c560d4f\" data-element_type=\"section\" data-e-type=\"section\">\n\t\t\t\t\t\t<div class=\"elementor-container elementor-column-gap-default\">\n\t\t\t\t\t<div class=\"elementor-column elementor-col-100 elementor-top-column elementor-element elementor-element-0358a5f\" data-id=\"0358a5f\" data-element_type=\"column\" data-e-type=\"column\">\n\t\t\t<div class=\"elementor-widget-wrap elementor-element-populated\">\n\t\t\t\t\t\t<div class=\"elementor-element elementor-element-1dc0688 elementor-widget elementor-widget-spacer\" data-id=\"1dc0688\" data-element_type=\"widget\" data-e-type=\"widget\" data-widget_type=\"spacer.default\">\n\t\t\t\t<div class=\"elementor-widget-container\">\n\t\t\t\t\t\t\t<div class=\"elementor-spacer\">\n\t\t\t<div class=\"elementor-spacer-inner\"><\/div>\n\t\t<\/div>\n\t\t\t\t\t\t<\/div>\n\t\t\t\t<\/div>\n\t\t\t\t<div class=\"elementor-element elementor-element-50308f2 elementor-widget elementor-widget-heading\" data-id=\"50308f2\" data-element_type=\"widget\" data-e-type=\"widget\" data-widget_type=\"heading.default\">\n\t\t\t\t<div class=\"elementor-widget-container\">\n\t\t\t\t\t<h2 class=\"elementor-heading-title elementor-size-default\">Welcome<\/h2>\t\t\t\t<\/div>\n\t\t\t\t<\/div>\n\t\t\t\t\t<\/div>\n\t\t<\/div>\n\t\t\t\t\t<\/div>\n\t\t<\/section>\n\t\t\t\t<section class=\"elementor-section elementor-top-section elementor-element elementor-element-2b040b5 elementor-section-boxed elementor-section-height-default elementor-section-height-default\" data-id=\"2b040b5\" data-element_type=\"section\" data-e-type=\"section\">\n\t\t\t\t\t\t<div class=\"elementor-container elementor-column-gap-default\">\n\t\t\t\t\t<div class=\"elementor-column elementor-col-100 elementor-top-column elementor-element elementor-element-597e97b\" data-id=\"597e97b\" data-element_type=\"column\" data-e-type=\"column\">\n\t\t\t<div class=\"elementor-widget-wrap elementor-element-populated\">\n\t\t\t\t\t\t<div class=\"elementor-element elementor-element-e67cd52 elementor-widget elementor-widget-text-editor\" data-id=\"e67cd52\" data-element_type=\"widget\" data-e-type=\"widget\" data-widget_type=\"text-editor.default\">\n\t\t\t\t<div class=\"elementor-widget-container\">\n\t\t\t\t\t\t\t\t\t<p>Welcome to SoundValley Studio.<\/p><p>Das Tonstudio befindet sich im Schaffhauser M\u00fchlental und ist in wenigen Minuten vom Bahnhof Schaffhausen zu erreichen. Es verf\u00fcgt \u00fcber einen Regieraum mit Tageslicht, einen grossen Aufnahmeraum und einen kleinen Aufnahmeraum. Alle R\u00e4ume sind akustisch voneinander abgetrennt und bieten durchgehend Sichtkontakt. Die MusikerInnen k\u00f6nnen sich mit Hilfe eines Personal Monitoring Systems ihre eigene Kopfh\u00f6rermischung erstellen. Das Studio eignet sich hervorragend f\u00fcr Musik- und Sprachproduktionen aller Art.<\/p><p>Auf den n\u00e4chsten Seiten erf\u00e4hrst Du mehr \u00fcber uns und das SoundValley Tonstudio!<\/p><p>David Bollinger<\/p>\t\t\t\t\t\t\t\t<\/div>\n\t\t\t\t<\/div>\n\t\t\t\t\t<\/div>\n\t\t<\/div>\n\t\t\t\t\t<\/div>\n\t\t<\/section>\n\t\t\t\t<section class=\"elementor-section elementor-top-section elementor-element elementor-element-75e863b elementor-section-boxed elementor-section-height-default elementor-section-height-default\" data-id=\"75e863b\" data-element_type=\"section\" data-e-type=\"section\">\n\t\t\t\t\t\t<div class=\"elementor-container elementor-column-gap-default\">\n\t\t\t\t\t<div class=\"elementor-column elementor-col-100 elementor-top-column elementor-element elementor-element-9e29eee\" data-id=\"9e29eee\" data-element_type=\"column\" data-e-type=\"column\">\n\t\t\t<div class=\"elementor-widget-wrap elementor-element-populated\">\n\t\t\t\t\t\t<div class=\"elementor-element elementor-element-4277a15 elementor-widget elementor-widget-image\" data-id=\"4277a15\" data-element_type=\"widget\" data-e-type=\"widget\" data-widget_type=\"image.default\">\n\t\t\t\t<div class=\"elementor-widget-container\">\n\t\t\t\t\t\t\t\t\t\t\t\t\t\t\t<img fetchpriority=\"high\" decoding=\"async\" width=\"750\" height=\"563\" src=\"https:\/\/soundvalley.ch\/wp-content\/uploads\/2019\/04\/aufnahmeraum-1024x768.jpg\" class=\"attachment-large size-large wp-image-13\" alt=\"\" srcset=\"https:\/\/soundvalley.ch\/wp-content\/uploads\/2019\/04\/aufnahmeraum-1024x768.jpg 1024w, https:\/\/soundvalley.ch\/wp-content\/uploads\/2019\/04\/aufnahmeraum-300x225.jpg 300w, https:\/\/soundvalley.ch\/wp-content\/uploads\/2019\/04\/aufnahmeraum-768x576.jpg 768w, https:\/\/soundvalley.ch\/wp-content\/uploads\/2019\/04\/aufnahmeraum.jpg 1224w\" sizes=\"(max-width: 750px) 100vw, 750px\" \/>\t\t\t\t\t\t\t\t\t\t\t\t\t\t\t<\/div>\n\t\t\t\t<\/div>\n\t\t\t\t\t<\/div>\n\t\t<\/div>\n\t\t\t\t\t<\/div>\n\t\t<\/section>\n\t\t\t\t<section class=\"elementor-section elementor-top-section elementor-element elementor-element-d0b5252 elementor-section-height-full elementor-section-boxed elementor-section-height-default elementor-section-items-middle\" data-id=\"d0b5252\" data-element_type=\"section\" data-e-type=\"section\">\n\t\t\t\t\t\t<div class=\"elementor-container elementor-column-gap-default\">\n\t\t\t\t\t<div class=\"elementor-column elementor-col-100 elementor-top-column elementor-element elementor-element-9bd850c\" data-id=\"9bd850c\" data-element_type=\"column\" data-e-type=\"column\">\n\t\t\t<div class=\"elementor-widget-wrap elementor-element-populated\">\n\t\t\t\t\t\t<div class=\"elementor-element elementor-element-002f619 elementor-widget elementor-widget-spacer\" data-id=\"002f619\" data-element_type=\"widget\" data-e-type=\"widget\" data-widget_type=\"spacer.default\">\n\t\t\t\t<div class=\"elementor-widget-container\">\n\t\t\t\t\t\t\t<div class=\"elementor-spacer\">\n\t\t\t<div class=\"elementor-spacer-inner\"><\/div>\n\t\t<\/div>\n\t\t\t\t\t\t<\/div>\n\t\t\t\t<\/div>\n\t\t\t\t\t<\/div>\n\t\t<\/div>\n\t\t\t\t\t<\/div>\n\t\t<\/section>\n\t\t\t\t<\/div>","protected":false},"excerpt":{"rendered":"<p>Willkommen Herzlich willkommen auf der Website des SoundValley Studios. Das Tonstudio befindet sich im Schaffhauser M\u00fchlental und ist in wenigen Minuten vom Bahnhof Schaffhausen zu erreichen. Es verf\u00fcgt \u00fcber einen Regieraum mit Tageslicht, einen grossen Aufnahmeraum und einen kleinen Aufnahmeraum. Alle R\u00e4ume sind akustisch voneinander abgetrennt und bieten durchgehend Sichtkontakt. [&hellip;]<\/p>\n","protected":false},"author":1,"featured_media":0,"parent":0,"menu_order":0,"comment_status":"closed","ping_status":"closed","template":"page-templates\/template-pagebuilder-full-width.php","meta":{"footnotes":""},"class_list":["post-67","page","type-page","status-publish","hentry"],"yoast_head":"<!-- This site is optimized with the Yoast SEO plugin v27.4 - https:\/\/yoast.com\/product\/yoast-seo-wordpress\/ -->\n<title>Willkommen - SoundValley<\/title>\n<meta name=\"description\" content=\"SoundValley Tonstudio Schaffhausen\" \/>\n<meta name=\"robots\" content=\"index, follow, max-snippet:-1, max-image-preview:large, max-video-preview:-1\" \/>\n<link rel=\"canonical\" href=\"https:\/\/soundvalley.ch\/en\/\" \/>\n<meta property=\"og:locale\" content=\"en_US\" \/>\n<meta property=\"og:type\" content=\"article\" \/>\n<meta property=\"og:title\" content=\"Willkommen - SoundValley\" \/>\n<meta property=\"og:description\" content=\"SoundValley Tonstudio Schaffhausen\" \/>\n<meta property=\"og:url\" content=\"https:\/\/soundvalley.ch\/en\/\" \/>\n<meta property=\"og:site_name\" content=\"SoundValley\" \/>\n<meta property=\"article:modified_time\" content=\"2025-11-26T06:46:12+00:00\" \/>\n<meta property=\"og:image\" content=\"https:\/\/soundvalley.ch\/wp-content\/uploads\/2019\/04\/aufnahmeraum.jpg\" \/>\n\t<meta property=\"og:image:width\" content=\"1224\" \/>\n\t<meta property=\"og:image:height\" content=\"918\" \/>\n\t<meta property=\"og:image:type\" content=\"image\/jpeg\" \/>\n<meta name=\"twitter:card\" content=\"summary_large_image\" \/>\n<script type=\"application\/ld+json\" class=\"yoast-schema-graph\">{\"@context\":\"https:\\\/\\\/schema.org\",\"@graph\":[{\"@type\":\"WebPage\",\"@id\":\"https:\\\/\\\/soundvalley.ch\\\/\",\"url\":\"https:\\\/\\\/soundvalley.ch\\\/\",\"name\":\"Willkommen - SoundValley\",\"isPartOf\":{\"@id\":\"https:\\\/\\\/soundvalley.ch\\\/#website\"},\"primaryImageOfPage\":{\"@id\":\"https:\\\/\\\/soundvalley.ch\\\/#primaryimage\"},\"image\":{\"@id\":\"https:\\\/\\\/soundvalley.ch\\\/#primaryimage\"},\"thumbnailUrl\":\"https:\\\/\\\/soundvalley.ch\\\/wp-content\\\/uploads\\\/2019\\\/04\\\/aufnahmeraum-1024x768.jpg\",\"datePublished\":\"2019-04-19T08:35:49+00:00\",\"dateModified\":\"2025-11-26T06:46:12+00:00\",\"description\":\"SoundValley Tonstudio Schaffhausen\",\"breadcrumb\":{\"@id\":\"https:\\\/\\\/soundvalley.ch\\\/#breadcrumb\"},\"inLanguage\":\"en-US\",\"potentialAction\":[{\"@type\":\"ReadAction\",\"target\":[\"https:\\\/\\\/soundvalley.ch\\\/\"]}]},{\"@type\":\"ImageObject\",\"inLanguage\":\"en-US\",\"@id\":\"https:\\\/\\\/soundvalley.ch\\\/#primaryimage\",\"url\":\"https:\\\/\\\/soundvalley.ch\\\/wp-content\\\/uploads\\\/2019\\\/04\\\/aufnahmeraum-1024x768.jpg\",\"contentUrl\":\"https:\\\/\\\/soundvalley.ch\\\/wp-content\\\/uploads\\\/2019\\\/04\\\/aufnahmeraum-1024x768.jpg\"},{\"@type\":\"BreadcrumbList\",\"@id\":\"https:\\\/\\\/soundvalley.ch\\\/#breadcrumb\",\"itemListElement\":[{\"@type\":\"ListItem\",\"position\":1,\"name\":\"Home\",\"item\":\"https:\\\/\\\/soundvalley.ch\\\/\"},{\"@type\":\"ListItem\",\"position\":2,\"name\":\"Willkommen\"}]},{\"@type\":\"WebSite\",\"@id\":\"https:\\\/\\\/soundvalley.ch\\\/#website\",\"url\":\"https:\\\/\\\/soundvalley.ch\\\/\",\"name\":\"SoundValley\",\"description\":\"\",\"publisher\":{\"@id\":\"https:\\\/\\\/soundvalley.ch\\\/#organization\"},\"potentialAction\":[{\"@type\":\"SearchAction\",\"target\":{\"@type\":\"EntryPoint\",\"urlTemplate\":\"https:\\\/\\\/soundvalley.ch\\\/?s={search_term_string}\"},\"query-input\":{\"@type\":\"PropertyValueSpecification\",\"valueRequired\":true,\"valueName\":\"search_term_string\"}}],\"inLanguage\":\"en-US\"},{\"@type\":\"Organization\",\"@id\":\"https:\\\/\\\/soundvalley.ch\\\/#organization\",\"name\":\"SoundValley\",\"url\":\"https:\\\/\\\/soundvalley.ch\\\/\",\"logo\":{\"@type\":\"ImageObject\",\"inLanguage\":\"en-US\",\"@id\":\"https:\\\/\\\/soundvalley.ch\\\/#\\\/schema\\\/logo\\\/image\\\/\",\"url\":\"https:\\\/\\\/soundvalley.ch\\\/wp-content\\\/uploads\\\/2019\\\/04\\\/cropped-logo.png\",\"contentUrl\":\"https:\\\/\\\/soundvalley.ch\\\/wp-content\\\/uploads\\\/2019\\\/04\\\/cropped-logo.png\",\"width\":296,\"height\":140,\"caption\":\"SoundValley\"},\"image\":{\"@id\":\"https:\\\/\\\/soundvalley.ch\\\/#\\\/schema\\\/logo\\\/image\\\/\"}}]}<\/script>\n<!-- \/ Yoast SEO plugin. -->","yoast_head_json":{"title":"Willkommen - SoundValley","description":"SoundValley Tonstudio Schaffhausen","robots":{"index":"index","follow":"follow","max-snippet":"max-snippet:-1","max-image-preview":"max-image-preview:large","max-video-preview":"max-video-preview:-1"},"canonical":"https:\/\/soundvalley.ch\/en\/","og_locale":"en_US","og_type":"article","og_title":"Willkommen - SoundValley","og_description":"SoundValley Tonstudio Schaffhausen","og_url":"https:\/\/soundvalley.ch\/en\/","og_site_name":"SoundValley","article_modified_time":"2025-11-26T06:46:12+00:00","og_image":[{"width":1224,"height":918,"url":"https:\/\/soundvalley.ch\/wp-content\/uploads\/2019\/04\/aufnahmeraum.jpg","type":"image\/jpeg"}],"twitter_card":"summary_large_image","schema":{"@context":"https:\/\/schema.org","@graph":[{"@type":"WebPage","@id":"https:\/\/soundvalley.ch\/","url":"https:\/\/soundvalley.ch\/","name":"Willkommen - SoundValley","isPartOf":{"@id":"https:\/\/soundvalley.ch\/#website"},"primaryImageOfPage":{"@id":"https:\/\/soundvalley.ch\/#primaryimage"},"image":{"@id":"https:\/\/soundvalley.ch\/#primaryimage"},"thumbnailUrl":"https:\/\/soundvalley.ch\/wp-content\/uploads\/2019\/04\/aufnahmeraum-1024x768.jpg","datePublished":"2019-04-19T08:35:49+00:00","dateModified":"2025-11-26T06:46:12+00:00","description":"SoundValley Tonstudio Schaffhausen","breadcrumb":{"@id":"https:\/\/soundvalley.ch\/#breadcrumb"},"inLanguage":"en-US","potentialAction":[{"@type":"ReadAction","target":["https:\/\/soundvalley.ch\/"]}]},{"@type":"ImageObject","inLanguage":"en-US","@id":"https:\/\/soundvalley.ch\/#primaryimage","url":"https:\/\/soundvalley.ch\/wp-content\/uploads\/2019\/04\/aufnahmeraum-1024x768.jpg","contentUrl":"https:\/\/soundvalley.ch\/wp-content\/uploads\/2019\/04\/aufnahmeraum-1024x768.jpg"},{"@type":"BreadcrumbList","@id":"https:\/\/soundvalley.ch\/#breadcrumb","itemListElement":[{"@type":"ListItem","position":1,"name":"Home","item":"https:\/\/soundvalley.ch\/"},{"@type":"ListItem","position":2,"name":"Willkommen"}]},{"@type":"WebSite","@id":"https:\/\/soundvalley.ch\/#website","url":"https:\/\/soundvalley.ch\/","name":"SoundValley","description":"","publisher":{"@id":"https:\/\/soundvalley.ch\/#organization"},"potentialAction":[{"@type":"SearchAction","target":{"@type":"EntryPoint","urlTemplate":"https:\/\/soundvalley.ch\/?s={search_term_string}"},"query-input":{"@type":"PropertyValueSpecification","valueRequired":true,"valueName":"search_term_string"}}],"inLanguage":"en-US"},{"@type":"Organization","@id":"https:\/\/soundvalley.ch\/#organization","name":"SoundValley","url":"https:\/\/soundvalley.ch\/","logo":{"@type":"ImageObject","inLanguage":"en-US","@id":"https:\/\/soundvalley.ch\/#\/schema\/logo\/image\/","url":"https:\/\/soundvalley.ch\/wp-content\/uploads\/2019\/04\/cropped-logo.png","contentUrl":"https:\/\/soundvalley.ch\/wp-content\/uploads\/2019\/04\/cropped-logo.png","width":296,"height":140,"caption":"SoundValley"},"image":{"@id":"https:\/\/soundvalley.ch\/#\/schema\/logo\/image\/"}}]}},"_links":{"self":[{"href":"https:\/\/soundvalley.ch\/en\/wp-json\/wp\/v2\/pages\/67","targetHints":{"allow":["GET"]}}],"collection":[{"href":"https:\/\/soundvalley.ch\/en\/wp-json\/wp\/v2\/pages"}],"about":[{"href":"https:\/\/soundvalley.ch\/en\/wp-json\/wp\/v2\/types\/page"}],"author":[{"embeddable":true,"href":"https:\/\/soundvalley.ch\/en\/wp-json\/wp\/v2\/users\/1"}],"replies":[{"embeddable":true,"href":"https:\/\/soundvalley.ch\/en\/wp-json\/wp\/v2\/comments?post=67"}],"version-history":[{"count":22,"href":"https:\/\/soundvalley.ch\/en\/wp-json\/wp\/v2\/pages\/67\/revisions"}],"predecessor-version":[{"id":192,"href":"https:\/\/soundvalley.ch\/en\/wp-json\/wp\/v2\/pages\/67\/revisions\/192"}],"wp:attachment":[{"href":"https:\/\/soundvalley.ch\/en\/wp-json\/wp\/v2\/media?parent=67"}],"curies":[{"name":"wp","href":"https:\/\/api.w.org\/{rel}","templated":true}]}}