{"id":75,"date":"2019-04-19T07:40:21","date_gmt":"2019-04-19T08:40:21","guid":{"rendered":"http:\/\/soundvalley.ch\/?page_id=75"},"modified":"2025-11-26T05:51:12","modified_gmt":"2025-11-26T06:51:12","slug":"dienstleistungen","status":"publish","type":"page","link":"https:\/\/soundvalley.ch\/en\/dienstleistungen\/","title":{"rendered":"Services"},"content":{"rendered":"<div data-elementor-type=\"wp-post\" data-elementor-id=\"75\" class=\"elementor elementor-75\">\n\t\t\t\t\t\t<section class=\"elementor-section elementor-top-section elementor-element elementor-element-e177c5f elementor-section-boxed elementor-section-height-default elementor-section-height-default\" data-id=\"e177c5f\" data-element_type=\"section\" data-e-type=\"section\">\n\t\t\t\t\t\t<div class=\"elementor-container elementor-column-gap-default\">\n\t\t\t\t\t<div class=\"elementor-column elementor-col-100 elementor-top-column elementor-element elementor-element-6ee7623\" data-id=\"6ee7623\" data-element_type=\"column\" data-e-type=\"column\">\n\t\t\t<div class=\"elementor-widget-wrap elementor-element-populated\">\n\t\t\t\t\t\t<div class=\"elementor-element elementor-element-c0f9d1c elementor-widget elementor-widget-spacer\" data-id=\"c0f9d1c\" data-element_type=\"widget\" data-e-type=\"widget\" data-widget_type=\"spacer.default\">\n\t\t\t\t<div class=\"elementor-widget-container\">\n\t\t\t\t\t\t\t<div class=\"elementor-spacer\">\n\t\t\t<div class=\"elementor-spacer-inner\"><\/div>\n\t\t<\/div>\n\t\t\t\t\t\t<\/div>\n\t\t\t\t<\/div>\n\t\t\t\t<div class=\"elementor-element elementor-element-3a7d676 elementor-widget elementor-widget-heading\" data-id=\"3a7d676\" data-element_type=\"widget\" data-e-type=\"widget\" data-widget_type=\"heading.default\">\n\t\t\t\t<div class=\"elementor-widget-container\">\n\t\t\t\t\t<h2 class=\"elementor-heading-title elementor-size-default\">Services<\/h2>\t\t\t\t<\/div>\n\t\t\t\t<\/div>\n\t\t\t\t\t<\/div>\n\t\t<\/div>\n\t\t\t\t\t<\/div>\n\t\t<\/section>\n\t\t\t\t<section class=\"elementor-section elementor-top-section elementor-element elementor-element-703bf95 elementor-section-boxed elementor-section-height-default elementor-section-height-default\" data-id=\"703bf95\" data-element_type=\"section\" data-e-type=\"section\">\n\t\t\t\t\t\t<div class=\"elementor-container elementor-column-gap-default\">\n\t\t\t\t\t<div class=\"elementor-column elementor-col-100 elementor-top-column elementor-element elementor-element-c68a16e\" data-id=\"c68a16e\" data-element_type=\"column\" data-e-type=\"column\">\n\t\t\t<div class=\"elementor-widget-wrap elementor-element-populated\">\n\t\t\t\t\t\t<div class=\"elementor-element elementor-element-1de22f5 elementor-widget elementor-widget-text-editor\" data-id=\"1de22f5\" data-element_type=\"widget\" data-e-type=\"widget\" data-widget_type=\"text-editor.default\">\n\t\t\t\t<div class=\"elementor-widget-container\">\n\t\t\t\t\t\t\t\t\t<p>Bei Musikproduktionen betreue ich den kompletten Prozess von der Aufnahme, Bearbeitung und Mischung bis zum Mastering. Ob Solok\u00fcnstler oder Band, hier ist jede Besetzung willkommen. Nat\u00fcrlich mische ich auch Aufnahmen, die anderswo gemacht wurden, oder nehme Overdubs zu bestehenden Spuren auf.<\/p><p>Fundierte musikalische Kenntnisse erm\u00f6glichen mir, die K\u00fcnstler bei der Komposition, dem Arrangement und der Interpretation ihrer Musik zu unterst\u00fctzen.<\/p><p>Das SoundValley Tonstudio eignet sich auch f\u00fcr Sprachproduktionen wie Sprecheraufnahmen, H\u00f6rspiele und Podcasts. Postproduction f\u00fcr Filme und Videos inklusive Dialogaufnahmen, Sounddesign und Klangrestauration sind ebenfalls m\u00f6glich.<\/p><p>Ich bin auch ausserhalb des Studios aktiv. Ich verf\u00fcge \u00fcber das n\u00f6tige Equipment f\u00fcr Live-Aufnahmen von Konzerten sowie f\u00fcr Musikproduktionen vor Ort. Gerade bei klassischer Musik spielt der Raumklang eine grosse Rolle, weshalb ich diese gerne in Konzerts\u00e4len oder Kirchen aufnehmen. Der Schnitt und die Mischung erfolgt dann wiederum im Studio.<\/p>\t\t\t\t\t\t\t\t<\/div>\n\t\t\t\t<\/div>\n\t\t\t\t\t<\/div>\n\t\t<\/div>\n\t\t\t\t\t<\/div>\n\t\t<\/section>\n\t\t\t\t<\/div>","protected":false},"excerpt":{"rendered":"<p>Dienstleistungen Bei Musikproduktionen betreue ich den kompletten Prozess von der Aufnahme, Bearbeitung und Mischung bis zum Mastering. Ob Solok\u00fcnstler oder Band, hier ist jede Besetzung willkommen. Nat\u00fcrlich mische ich auch Aufnahmen, die anderswo gemacht wurden, oder nehme Overdubs zu bestehenden Spuren auf. Fundierte musikalische Kenntnisse erm\u00f6glichen mir, die K\u00fcnstler bei [&hellip;]<\/p>\n","protected":false},"author":1,"featured_media":0,"parent":0,"menu_order":0,"comment_status":"closed","ping_status":"closed","template":"page-templates\/template-pagebuilder-full-width.php","meta":{"footnotes":""},"class_list":["post-75","page","type-page","status-publish","hentry"],"yoast_head":"<!-- This site is optimized with the Yoast SEO plugin v27.3 - https:\/\/yoast.com\/product\/yoast-seo-wordpress\/ -->\n<title>Dienstleistungen - SoundValley<\/title>\n<meta name=\"robots\" content=\"index, follow, max-snippet:-1, max-image-preview:large, max-video-preview:-1\" \/>\n<link rel=\"canonical\" href=\"https:\/\/soundvalley.ch\/en\/dienstleistungen\/\" \/>\n<meta property=\"og:locale\" content=\"en_US\" \/>\n<meta property=\"og:type\" content=\"article\" \/>\n<meta property=\"og:title\" content=\"Dienstleistungen - SoundValley\" \/>\n<meta property=\"og:description\" content=\"Dienstleistungen Bei Musikproduktionen betreue ich den kompletten Prozess von der Aufnahme, Bearbeitung und Mischung bis zum Mastering. Ob Solok\u00fcnstler oder Band, hier ist jede Besetzung willkommen. Nat\u00fcrlich mische ich auch Aufnahmen, die anderswo gemacht wurden, oder nehme Overdubs zu bestehenden Spuren auf. Fundierte musikalische Kenntnisse erm\u00f6glichen mir, die K\u00fcnstler bei [&hellip;]\" \/>\n<meta property=\"og:url\" content=\"https:\/\/soundvalley.ch\/en\/dienstleistungen\/\" \/>\n<meta property=\"og:site_name\" content=\"SoundValley\" \/>\n<meta property=\"article:modified_time\" content=\"2025-11-26T06:51:12+00:00\" \/>\n<meta name=\"twitter:card\" content=\"summary_large_image\" \/>\n<script type=\"application\/ld+json\" class=\"yoast-schema-graph\">{\"@context\":\"https:\\\/\\\/schema.org\",\"@graph\":[{\"@type\":\"WebPage\",\"@id\":\"https:\\\/\\\/soundvalley.ch\\\/dienstleistungen\\\/\",\"url\":\"https:\\\/\\\/soundvalley.ch\\\/dienstleistungen\\\/\",\"name\":\"Dienstleistungen - SoundValley\",\"isPartOf\":{\"@id\":\"https:\\\/\\\/soundvalley.ch\\\/#website\"},\"datePublished\":\"2019-04-19T08:40:21+00:00\",\"dateModified\":\"2025-11-26T06:51:12+00:00\",\"breadcrumb\":{\"@id\":\"https:\\\/\\\/soundvalley.ch\\\/dienstleistungen\\\/#breadcrumb\"},\"inLanguage\":\"en-US\",\"potentialAction\":[{\"@type\":\"ReadAction\",\"target\":[\"https:\\\/\\\/soundvalley.ch\\\/dienstleistungen\\\/\"]}]},{\"@type\":\"BreadcrumbList\",\"@id\":\"https:\\\/\\\/soundvalley.ch\\\/dienstleistungen\\\/#breadcrumb\",\"itemListElement\":[{\"@type\":\"ListItem\",\"position\":1,\"name\":\"Home\",\"item\":\"https:\\\/\\\/soundvalley.ch\\\/\"},{\"@type\":\"ListItem\",\"position\":2,\"name\":\"Dienstleistungen\"}]},{\"@type\":\"WebSite\",\"@id\":\"https:\\\/\\\/soundvalley.ch\\\/#website\",\"url\":\"https:\\\/\\\/soundvalley.ch\\\/\",\"name\":\"SoundValley\",\"description\":\"\",\"publisher\":{\"@id\":\"https:\\\/\\\/soundvalley.ch\\\/#organization\"},\"potentialAction\":[{\"@type\":\"SearchAction\",\"target\":{\"@type\":\"EntryPoint\",\"urlTemplate\":\"https:\\\/\\\/soundvalley.ch\\\/?s={search_term_string}\"},\"query-input\":{\"@type\":\"PropertyValueSpecification\",\"valueRequired\":true,\"valueName\":\"search_term_string\"}}],\"inLanguage\":\"en-US\"},{\"@type\":\"Organization\",\"@id\":\"https:\\\/\\\/soundvalley.ch\\\/#organization\",\"name\":\"SoundValley\",\"url\":\"https:\\\/\\\/soundvalley.ch\\\/\",\"logo\":{\"@type\":\"ImageObject\",\"inLanguage\":\"en-US\",\"@id\":\"https:\\\/\\\/soundvalley.ch\\\/#\\\/schema\\\/logo\\\/image\\\/\",\"url\":\"https:\\\/\\\/soundvalley.ch\\\/wp-content\\\/uploads\\\/2019\\\/04\\\/cropped-logo.png\",\"contentUrl\":\"https:\\\/\\\/soundvalley.ch\\\/wp-content\\\/uploads\\\/2019\\\/04\\\/cropped-logo.png\",\"width\":296,\"height\":140,\"caption\":\"SoundValley\"},\"image\":{\"@id\":\"https:\\\/\\\/soundvalley.ch\\\/#\\\/schema\\\/logo\\\/image\\\/\"}}]}<\/script>\n<!-- \/ Yoast SEO plugin. -->","yoast_head_json":{"title":"Dienstleistungen - SoundValley","robots":{"index":"index","follow":"follow","max-snippet":"max-snippet:-1","max-image-preview":"max-image-preview:large","max-video-preview":"max-video-preview:-1"},"canonical":"https:\/\/soundvalley.ch\/en\/dienstleistungen\/","og_locale":"en_US","og_type":"article","og_title":"Dienstleistungen - SoundValley","og_description":"Dienstleistungen Bei Musikproduktionen betreue ich den kompletten Prozess von der Aufnahme, Bearbeitung und Mischung bis zum Mastering. Ob Solok\u00fcnstler oder Band, hier ist jede Besetzung willkommen. Nat\u00fcrlich mische ich auch Aufnahmen, die anderswo gemacht wurden, oder nehme Overdubs zu bestehenden Spuren auf. Fundierte musikalische Kenntnisse erm\u00f6glichen mir, die K\u00fcnstler bei [&hellip;]","og_url":"https:\/\/soundvalley.ch\/en\/dienstleistungen\/","og_site_name":"SoundValley","article_modified_time":"2025-11-26T06:51:12+00:00","twitter_card":"summary_large_image","schema":{"@context":"https:\/\/schema.org","@graph":[{"@type":"WebPage","@id":"https:\/\/soundvalley.ch\/dienstleistungen\/","url":"https:\/\/soundvalley.ch\/dienstleistungen\/","name":"Dienstleistungen - SoundValley","isPartOf":{"@id":"https:\/\/soundvalley.ch\/#website"},"datePublished":"2019-04-19T08:40:21+00:00","dateModified":"2025-11-26T06:51:12+00:00","breadcrumb":{"@id":"https:\/\/soundvalley.ch\/dienstleistungen\/#breadcrumb"},"inLanguage":"en-US","potentialAction":[{"@type":"ReadAction","target":["https:\/\/soundvalley.ch\/dienstleistungen\/"]}]},{"@type":"BreadcrumbList","@id":"https:\/\/soundvalley.ch\/dienstleistungen\/#breadcrumb","itemListElement":[{"@type":"ListItem","position":1,"name":"Home","item":"https:\/\/soundvalley.ch\/"},{"@type":"ListItem","position":2,"name":"Dienstleistungen"}]},{"@type":"WebSite","@id":"https:\/\/soundvalley.ch\/#website","url":"https:\/\/soundvalley.ch\/","name":"SoundValley","description":"","publisher":{"@id":"https:\/\/soundvalley.ch\/#organization"},"potentialAction":[{"@type":"SearchAction","target":{"@type":"EntryPoint","urlTemplate":"https:\/\/soundvalley.ch\/?s={search_term_string}"},"query-input":{"@type":"PropertyValueSpecification","valueRequired":true,"valueName":"search_term_string"}}],"inLanguage":"en-US"},{"@type":"Organization","@id":"https:\/\/soundvalley.ch\/#organization","name":"SoundValley","url":"https:\/\/soundvalley.ch\/","logo":{"@type":"ImageObject","inLanguage":"en-US","@id":"https:\/\/soundvalley.ch\/#\/schema\/logo\/image\/","url":"https:\/\/soundvalley.ch\/wp-content\/uploads\/2019\/04\/cropped-logo.png","contentUrl":"https:\/\/soundvalley.ch\/wp-content\/uploads\/2019\/04\/cropped-logo.png","width":296,"height":140,"caption":"SoundValley"},"image":{"@id":"https:\/\/soundvalley.ch\/#\/schema\/logo\/image\/"}}]}},"_links":{"self":[{"href":"https:\/\/soundvalley.ch\/en\/wp-json\/wp\/v2\/pages\/75","targetHints":{"allow":["GET"]}}],"collection":[{"href":"https:\/\/soundvalley.ch\/en\/wp-json\/wp\/v2\/pages"}],"about":[{"href":"https:\/\/soundvalley.ch\/en\/wp-json\/wp\/v2\/types\/page"}],"author":[{"embeddable":true,"href":"https:\/\/soundvalley.ch\/en\/wp-json\/wp\/v2\/users\/1"}],"replies":[{"embeddable":true,"href":"https:\/\/soundvalley.ch\/en\/wp-json\/wp\/v2\/comments?post=75"}],"version-history":[{"count":8,"href":"https:\/\/soundvalley.ch\/en\/wp-json\/wp\/v2\/pages\/75\/revisions"}],"predecessor-version":[{"id":198,"href":"https:\/\/soundvalley.ch\/en\/wp-json\/wp\/v2\/pages\/75\/revisions\/198"}],"wp:attachment":[{"href":"https:\/\/soundvalley.ch\/en\/wp-json\/wp\/v2\/media?parent=75"}],"curies":[{"name":"wp","href":"https:\/\/api.w.org\/{rel}","templated":true}]}}