{"id":78,"date":"2019-04-19T07:41:13","date_gmt":"2019-04-19T08:41:13","guid":{"rendered":"http:\/\/soundvalley.ch\/?page_id=78"},"modified":"2025-11-24T21:06:14","modified_gmt":"2025-11-24T22:06:14","slug":"equipment","status":"publish","type":"page","link":"https:\/\/soundvalley.ch\/en\/equipment\/","title":{"rendered":"Equipment"},"content":{"rendered":"<div data-elementor-type=\"wp-post\" data-elementor-id=\"78\" class=\"elementor elementor-78\">\n\t\t\t\t\t\t<section class=\"elementor-section elementor-top-section elementor-element elementor-element-b89f720 elementor-section-boxed elementor-section-height-default elementor-section-height-default\" data-id=\"b89f720\" data-element_type=\"section\" data-e-type=\"section\">\n\t\t\t\t\t\t<div class=\"elementor-container elementor-column-gap-default\">\n\t\t\t\t\t<div class=\"elementor-column elementor-col-100 elementor-top-column elementor-element elementor-element-0074193\" data-id=\"0074193\" data-element_type=\"column\" data-e-type=\"column\">\n\t\t\t<div class=\"elementor-widget-wrap elementor-element-populated\">\n\t\t\t\t\t\t<div class=\"elementor-element elementor-element-62ce5fb elementor-widget elementor-widget-spacer\" data-id=\"62ce5fb\" data-element_type=\"widget\" data-e-type=\"widget\" data-widget_type=\"spacer.default\">\n\t\t\t\t<div class=\"elementor-widget-container\">\n\t\t\t\t\t\t\t<div class=\"elementor-spacer\">\n\t\t\t<div class=\"elementor-spacer-inner\"><\/div>\n\t\t<\/div>\n\t\t\t\t\t\t<\/div>\n\t\t\t\t<\/div>\n\t\t\t\t<div class=\"elementor-element elementor-element-52ff53d elementor-widget elementor-widget-heading\" data-id=\"52ff53d\" data-element_type=\"widget\" data-e-type=\"widget\" data-widget_type=\"heading.default\">\n\t\t\t\t<div class=\"elementor-widget-container\">\n\t\t\t\t\t<h2 class=\"elementor-heading-title elementor-size-default\">Equipment<\/h2>\t\t\t\t<\/div>\n\t\t\t\t<\/div>\n\t\t\t\t\t<\/div>\n\t\t<\/div>\n\t\t\t\t\t<\/div>\n\t\t<\/section>\n\t\t\t\t<section class=\"elementor-section elementor-top-section elementor-element elementor-element-5f4ab9a elementor-section-boxed elementor-section-height-default elementor-section-height-default\" data-id=\"5f4ab9a\" data-element_type=\"section\" data-e-type=\"section\">\n\t\t\t\t\t\t<div class=\"elementor-container elementor-column-gap-default\">\n\t\t\t\t\t<div class=\"elementor-column elementor-col-100 elementor-top-column elementor-element elementor-element-1f75e82\" data-id=\"1f75e82\" data-element_type=\"column\" data-e-type=\"column\">\n\t\t\t<div class=\"elementor-widget-wrap elementor-element-populated\">\n\t\t\t\t\t\t<div class=\"elementor-element elementor-element-a38e1bc elementor-widget elementor-widget-text-editor\" data-id=\"a38e1bc\" data-element_type=\"widget\" data-e-type=\"widget\" data-widget_type=\"text-editor.default\">\n\t\t\t\t<div class=\"elementor-widget-container\">\n\t\t\t\t\t\t\t\t\t<p><strong>Monitoring<br><\/strong>PSI Audio A17M<br>Yamaha NS-10 Studio<br>Scandyna Micropod<\/p>\n<p>AKG K701<br>AKG K271 MKII<br>Sennheiser HD650<br>Beyerdynamic Dt-770 Pro (6x)<br>Beyerdynamic Dt-880<br>Sony MDR-7506<\/p>\n<p><strong>Hard- und Software<br><\/strong>MacBook Pro M3<\/p>\n<p>Avid Artist Control<br>Pro Tools<br>Logic<\/p>\n<p>PlugIns: Waves Mercury, NI Komplete Ultimate, Universal Audio, Softube, Lexicon, Sonnox, Plugin Alliance, Plug&amp;Mix, AudioEase, Antares, Arturia, Celemony, Slate Digital, IK Multimedia uvm.<br><br><\/p>\n<p><strong>Recording<br><\/strong>Antelope Audio Orion 32+<br>P16 Personal Monitor Mixer (6 Stationen)<br><\/p>\n<p>8 Kanal Seventh Circle Audio Preamp (2x Neve, 2x API, 2x Millenia, 2x Jensen clones)<br>Audient ASP 880 Preamp (8 Kan\u00e4le)<br>RME Octamic D Preamp (8 Kan\u00e4le)<br>Midas XL42 Preamp (4 Kan\u00e4le)<br>WARM Audio WA73-EQ (2 Kan\u00e4le)<br>WARM Audio TB12 (1 Kanal)<br>Slate VMS-One Preamp (1 Kanal)<\/p>\n<p><strong>Mikrofone<br><\/strong>2x Schoeps CMC 6 U mit MK 2 S (Omni)<br>4x Neumann KM184<br>1x Neumann KM185<br>2x AKG C414B XLS<br>1x AKC C414 vintage<br>2x Oktava MK-012<br>2x Microtech Gefell M930<br>2x Lawson Combo Set (L47\/L251 Tube\/FET)<br>1x Slate VMS System mit ML-1 und ML-2<br>2x AudioTechnica AT4051 B<br>1x AudioTechnica AT4050<br>1x AudioTechnica AT4033\/SE<br>1x AudioTechnica AT4047\/SV<br>4x R\u00f8de NT5<br>2x Beyerdynamic M201 TG<br>1x Sennheiser MD 441<br>2x Sennheiser MD 521<br>1x Sennheiser MD 214N<br>2x Sennheiser e906<br>3x Shure SM57<br>4x Shure SM58<br>1x Shure Beta 58<br>1x Shure Beta 91<br>1x Audix D6<br>1x ElectroVoice RE-20<br>1x Avantone CR-14<br>1x t.bone RB500<br>1x TUL G12<\/p>\n<p><strong>DIs<\/strong><br>2x Radial J48<br>1x Radial SGI Studio Guitar Interface System<br>1x Palmer Active DI<br>1x Palmer Passive DI Stereo<\/p>\n<p><strong>Outboard<br><\/strong>Hendyamps Michelangelo Stereo EQ<\/p>\n<p>TK Audio BC2-ME<br>Empirical Labs Distressor EL-8x (British Mod)<br>dbx 160A (2x)<br>Lexicon MX200<br>FMR Really Nice Compressor<br>FMR Really Nice Levelling Amp<br>Alesis 3630 Compressor<br>SPL Charisma 2 Kanal<br>Trace Elliot GP12 SMX Bass Preamp<br>Rocktron Replifex Guitar FX<\/p>\n<p><strong>Instrumente\/Verst\u00e4rker:<\/strong><\/p>\n<p>Fender Rhodes 88 MK VI<br>Wurlitzer 200<\/p>\n<p>Grand Piano Pleyel<br>Yamaha CLP-150 Digitalpiano<br>Korg MS-20 mini<\/p>\n<p>Holzwaeg Drumkit<br>Hoshino Vintage Drumkit<\/p>\n<p>Giannini Drumkit<br>Uehlinger Stratocaster<\/p>\n<p>Fender Princeton<br>Vox AC30<br>Fender Twin Red Knob<br><span style=\"font-size: inherit;\">Marshall JCM 800<br><\/span><span style=\"font-size: inherit;\">Fender Sidekickbass Amp<br><\/span><span style=\"font-size: inherit;\">Moog Theremini<\/span><\/p>\t\t\t\t\t\t\t\t<\/div>\n\t\t\t\t<\/div>\n\t\t\t\t\t<\/div>\n\t\t<\/div>\n\t\t\t\t\t<\/div>\n\t\t<\/section>\n\t\t\t\t<\/div>","protected":false},"excerpt":{"rendered":"<p>Equipment MonitoringPSI Audio A17MYamaha NS-10 StudioScandyna Micropod AKG K701AKG K271 MKIISennheiser HD650Beyerdynamic Dt-770 Pro (6x)Beyerdynamic Dt-880Sony MDR-7506 Hard- und SoftwareMacBook Pro M3 Avid Artist ControlPro ToolsLogic PlugIns: Waves Mercury, NI Komplete Ultimate, Universal Audio, Softube, Lexicon, Sonnox, Plugin Alliance, Plug&amp;Mix, AudioEase, Antares, Arturia, Celemony, Slate Digital, IK Multimedia uvm. RecordingAntelope [&hellip;]<\/p>\n","protected":false},"author":1,"featured_media":0,"parent":0,"menu_order":0,"comment_status":"closed","ping_status":"closed","template":"page-templates\/template-pagebuilder-full-width.php","meta":{"footnotes":""},"class_list":["post-78","page","type-page","status-publish","hentry"],"yoast_head":"<!-- This site is optimized with the Yoast SEO plugin v27.3 - https:\/\/yoast.com\/product\/yoast-seo-wordpress\/ -->\n<title>Equipment - SoundValley<\/title>\n<meta name=\"robots\" content=\"index, follow, max-snippet:-1, max-image-preview:large, max-video-preview:-1\" \/>\n<link rel=\"canonical\" href=\"https:\/\/soundvalley.ch\/en\/equipment\/\" \/>\n<meta property=\"og:locale\" content=\"en_US\" \/>\n<meta property=\"og:type\" content=\"article\" \/>\n<meta property=\"og:title\" content=\"Equipment - SoundValley\" \/>\n<meta property=\"og:description\" content=\"Equipment MonitoringPSI Audio A17MYamaha NS-10 StudioScandyna Micropod AKG K701AKG K271 MKIISennheiser HD650Beyerdynamic Dt-770 Pro (6x)Beyerdynamic Dt-880Sony MDR-7506 Hard- und SoftwareMacBook Pro M3 Avid Artist ControlPro ToolsLogic PlugIns: Waves Mercury, NI Komplete Ultimate, Universal Audio, Softube, Lexicon, Sonnox, Plugin Alliance, Plug&amp;Mix, AudioEase, Antares, Arturia, Celemony, Slate Digital, IK Multimedia uvm. RecordingAntelope [&hellip;]\" \/>\n<meta property=\"og:url\" content=\"https:\/\/soundvalley.ch\/en\/equipment\/\" \/>\n<meta property=\"og:site_name\" content=\"SoundValley\" \/>\n<meta property=\"article:modified_time\" content=\"2025-11-24T22:06:14+00:00\" \/>\n<meta name=\"twitter:card\" content=\"summary_large_image\" \/>\n<meta name=\"twitter:label1\" content=\"Est. reading time\" \/>\n\t<meta name=\"twitter:data1\" content=\"2 minutes\" \/>\n<script type=\"application\/ld+json\" class=\"yoast-schema-graph\">{\"@context\":\"https:\\\/\\\/schema.org\",\"@graph\":[{\"@type\":\"WebPage\",\"@id\":\"https:\\\/\\\/soundvalley.ch\\\/equipment\\\/\",\"url\":\"https:\\\/\\\/soundvalley.ch\\\/equipment\\\/\",\"name\":\"Equipment - SoundValley\",\"isPartOf\":{\"@id\":\"https:\\\/\\\/soundvalley.ch\\\/#website\"},\"datePublished\":\"2019-04-19T08:41:13+00:00\",\"dateModified\":\"2025-11-24T22:06:14+00:00\",\"breadcrumb\":{\"@id\":\"https:\\\/\\\/soundvalley.ch\\\/equipment\\\/#breadcrumb\"},\"inLanguage\":\"en-US\",\"potentialAction\":[{\"@type\":\"ReadAction\",\"target\":[\"https:\\\/\\\/soundvalley.ch\\\/equipment\\\/\"]}]},{\"@type\":\"BreadcrumbList\",\"@id\":\"https:\\\/\\\/soundvalley.ch\\\/equipment\\\/#breadcrumb\",\"itemListElement\":[{\"@type\":\"ListItem\",\"position\":1,\"name\":\"Home\",\"item\":\"https:\\\/\\\/soundvalley.ch\\\/\"},{\"@type\":\"ListItem\",\"position\":2,\"name\":\"Equipment\"}]},{\"@type\":\"WebSite\",\"@id\":\"https:\\\/\\\/soundvalley.ch\\\/#website\",\"url\":\"https:\\\/\\\/soundvalley.ch\\\/\",\"name\":\"SoundValley\",\"description\":\"\",\"publisher\":{\"@id\":\"https:\\\/\\\/soundvalley.ch\\\/#organization\"},\"potentialAction\":[{\"@type\":\"SearchAction\",\"target\":{\"@type\":\"EntryPoint\",\"urlTemplate\":\"https:\\\/\\\/soundvalley.ch\\\/?s={search_term_string}\"},\"query-input\":{\"@type\":\"PropertyValueSpecification\",\"valueRequired\":true,\"valueName\":\"search_term_string\"}}],\"inLanguage\":\"en-US\"},{\"@type\":\"Organization\",\"@id\":\"https:\\\/\\\/soundvalley.ch\\\/#organization\",\"name\":\"SoundValley\",\"url\":\"https:\\\/\\\/soundvalley.ch\\\/\",\"logo\":{\"@type\":\"ImageObject\",\"inLanguage\":\"en-US\",\"@id\":\"https:\\\/\\\/soundvalley.ch\\\/#\\\/schema\\\/logo\\\/image\\\/\",\"url\":\"https:\\\/\\\/soundvalley.ch\\\/wp-content\\\/uploads\\\/2019\\\/04\\\/cropped-logo.png\",\"contentUrl\":\"https:\\\/\\\/soundvalley.ch\\\/wp-content\\\/uploads\\\/2019\\\/04\\\/cropped-logo.png\",\"width\":296,\"height\":140,\"caption\":\"SoundValley\"},\"image\":{\"@id\":\"https:\\\/\\\/soundvalley.ch\\\/#\\\/schema\\\/logo\\\/image\\\/\"}}]}<\/script>\n<!-- \/ Yoast SEO plugin. -->","yoast_head_json":{"title":"Equipment - SoundValley","robots":{"index":"index","follow":"follow","max-snippet":"max-snippet:-1","max-image-preview":"max-image-preview:large","max-video-preview":"max-video-preview:-1"},"canonical":"https:\/\/soundvalley.ch\/en\/equipment\/","og_locale":"en_US","og_type":"article","og_title":"Equipment - SoundValley","og_description":"Equipment MonitoringPSI Audio A17MYamaha NS-10 StudioScandyna Micropod AKG K701AKG K271 MKIISennheiser HD650Beyerdynamic Dt-770 Pro (6x)Beyerdynamic Dt-880Sony MDR-7506 Hard- und SoftwareMacBook Pro M3 Avid Artist ControlPro ToolsLogic PlugIns: Waves Mercury, NI Komplete Ultimate, Universal Audio, Softube, Lexicon, Sonnox, Plugin Alliance, Plug&amp;Mix, AudioEase, Antares, Arturia, Celemony, Slate Digital, IK Multimedia uvm. RecordingAntelope [&hellip;]","og_url":"https:\/\/soundvalley.ch\/en\/equipment\/","og_site_name":"SoundValley","article_modified_time":"2025-11-24T22:06:14+00:00","twitter_card":"summary_large_image","twitter_misc":{"Est. reading time":"2 minutes"},"schema":{"@context":"https:\/\/schema.org","@graph":[{"@type":"WebPage","@id":"https:\/\/soundvalley.ch\/equipment\/","url":"https:\/\/soundvalley.ch\/equipment\/","name":"Equipment - SoundValley","isPartOf":{"@id":"https:\/\/soundvalley.ch\/#website"},"datePublished":"2019-04-19T08:41:13+00:00","dateModified":"2025-11-24T22:06:14+00:00","breadcrumb":{"@id":"https:\/\/soundvalley.ch\/equipment\/#breadcrumb"},"inLanguage":"en-US","potentialAction":[{"@type":"ReadAction","target":["https:\/\/soundvalley.ch\/equipment\/"]}]},{"@type":"BreadcrumbList","@id":"https:\/\/soundvalley.ch\/equipment\/#breadcrumb","itemListElement":[{"@type":"ListItem","position":1,"name":"Home","item":"https:\/\/soundvalley.ch\/"},{"@type":"ListItem","position":2,"name":"Equipment"}]},{"@type":"WebSite","@id":"https:\/\/soundvalley.ch\/#website","url":"https:\/\/soundvalley.ch\/","name":"SoundValley","description":"","publisher":{"@id":"https:\/\/soundvalley.ch\/#organization"},"potentialAction":[{"@type":"SearchAction","target":{"@type":"EntryPoint","urlTemplate":"https:\/\/soundvalley.ch\/?s={search_term_string}"},"query-input":{"@type":"PropertyValueSpecification","valueRequired":true,"valueName":"search_term_string"}}],"inLanguage":"en-US"},{"@type":"Organization","@id":"https:\/\/soundvalley.ch\/#organization","name":"SoundValley","url":"https:\/\/soundvalley.ch\/","logo":{"@type":"ImageObject","inLanguage":"en-US","@id":"https:\/\/soundvalley.ch\/#\/schema\/logo\/image\/","url":"https:\/\/soundvalley.ch\/wp-content\/uploads\/2019\/04\/cropped-logo.png","contentUrl":"https:\/\/soundvalley.ch\/wp-content\/uploads\/2019\/04\/cropped-logo.png","width":296,"height":140,"caption":"SoundValley"},"image":{"@id":"https:\/\/soundvalley.ch\/#\/schema\/logo\/image\/"}}]}},"_links":{"self":[{"href":"https:\/\/soundvalley.ch\/en\/wp-json\/wp\/v2\/pages\/78","targetHints":{"allow":["GET"]}}],"collection":[{"href":"https:\/\/soundvalley.ch\/en\/wp-json\/wp\/v2\/pages"}],"about":[{"href":"https:\/\/soundvalley.ch\/en\/wp-json\/wp\/v2\/types\/page"}],"author":[{"embeddable":true,"href":"https:\/\/soundvalley.ch\/en\/wp-json\/wp\/v2\/users\/1"}],"replies":[{"embeddable":true,"href":"https:\/\/soundvalley.ch\/en\/wp-json\/wp\/v2\/comments?post=78"}],"version-history":[{"count":27,"href":"https:\/\/soundvalley.ch\/en\/wp-json\/wp\/v2\/pages\/78\/revisions"}],"predecessor-version":[{"id":180,"href":"https:\/\/soundvalley.ch\/en\/wp-json\/wp\/v2\/pages\/78\/revisions\/180"}],"wp:attachment":[{"href":"https:\/\/soundvalley.ch\/en\/wp-json\/wp\/v2\/media?parent=78"}],"curies":[{"name":"wp","href":"https:\/\/api.w.org\/{rel}","templated":true}]}}